{"id":3,"date":"2024-06-26T12:11:20","date_gmt":"2024-06-26T10:11:20","guid":{"rendered":"https:\/\/wyspa.fun\/www\/?page_id=3"},"modified":"2024-07-01T12:54:05","modified_gmt":"2024-07-01T10:54:05","slug":"zasady-ochrany-osobnich-udaju","status":"publish","type":"page","link":"https:\/\/wyspa.fun\/cs\/zasady-ochrany-osobnich-udaju\/","title":{"rendered":"Z\u00e1sady ochrany osobn\u00edch \u00fadaj\u016f"},"content":{"rendered":"<div data-elementor-type=\"wp-page\" data-elementor-id=\"3\" class=\"elementor elementor-3\" data-elementor-post-type=\"page\">\n\t\t\t\t<div class=\"elementor-element elementor-element-1a4d0d7 e-flex e-con-boxed e-con e-parent\" data-id=\"1a4d0d7\" data-element_type=\"container\" data-settings=\"{&quot;background_background&quot;:&quot;classic&quot;}\">\n\t\t\t\t\t<div class=\"e-con-inner\">\n\t\t\t\t<div class=\"elementor-element elementor-element-d208036 elementor-widget elementor-widget-heading\" data-id=\"d208036\" data-element_type=\"widget\" data-widget_type=\"heading.default\">\n\t\t\t\t<div class=\"elementor-widget-container\">\n\t\t\t\t\t<h1 class=\"elementor-heading-title elementor-size-default\">Z\u00e1sady ochrany osobn\u00edch \u00fadaj\u016f<\/h1>\t\t\t\t<\/div>\n\t\t\t\t<\/div>\n\t\t\t\t\t<\/div>\n\t\t\t\t<\/div>\n\t\t<div class=\"elementor-element elementor-element-7c4ff1a e-flex e-con-boxed e-con e-parent\" data-id=\"7c4ff1a\" data-element_type=\"container\">\n\t\t\t\t\t<div class=\"e-con-inner\">\n\t\t\t\t<div class=\"elementor-element elementor-element-0573d65 text elementor-widget elementor-widget-text-editor\" data-id=\"0573d65\" data-element_type=\"widget\" data-widget_type=\"text-editor.default\">\n\t\t\t\t<div class=\"elementor-widget-container\">\n\t\t\t\t\t\t\t\t\t<h5>1. Obecn\u00e9 informace<\/h5>\n<p>Tyto z\u00e1sady se vztahuj\u00ed na webov\u00e9 str\u00e1nky provozovan\u00e9 pod url: www.wyspa.fun. Provozovatelem webov\u00fdch str\u00e1nek a spr\u00e1vcem osobn\u00edch \u00fadaj\u016f je: Z o.o.<br \/>NIP: 6112812479, Pi\u0142sudskiego 34, 58-500 Jelenia G\u00f3ra Kontaktn\u00ed e-mailov\u00e1 adresa provozovatele:\u00a0<a href=\"mailto:wyspakowary@gmail.com\">wyspakowary@gmail.com<\/a><\/p>\n<p>Provozovatel je spr\u00e1vcem va\u0161ich osobn\u00edch \u00fadaj\u016f, pokud jde o \u00fadaje, kter\u00e9 jste dobrovoln\u011b poskytli na webov\u00fdch str\u00e1nk\u00e1ch. Webov\u00e9 str\u00e1nky pou\u017e\u00edvaj\u00ed va\u0161e osobn\u00ed \u00fadaje pro n\u00e1sleduj\u00edc\u00ed \u00fa\u010dely: Prezentace nab\u00eddky nebo informac\u00ed.<\/p>\n<p>Slu\u017eba pln\u00ed funkce pro z\u00edsk\u00e1v\u00e1n\u00ed informac\u00ed o u\u017eivatel\u00edch a jejich chov\u00e1n\u00ed n\u00e1sleduj\u00edc\u00edmi zp\u016fsoby:<\/p>\n<ul>\n<li>Prost\u0159ednictv\u00edm \u00fadaj\u016f dobrovoln\u011b zadan\u00fdch do formul\u00e1\u0159\u016f, kter\u00e9 jsou vlo\u017eeny do syst\u00e9m\u016f provozovatele.<\/li>\n<li>Ukl\u00e1d\u00e1n\u00edm soubor\u016f cookie (tzv. \"cookies\") do koncov\u00fdch za\u0159\u00edzen\u00ed.<\/li>\n<\/ul>\n<h5>2. Zvolen\u00e9 metody ochrany dat provozovatele<\/h5>\n<p>Provozovatel pravideln\u011b m\u011bn\u00ed sv\u00e1 hesla pro spr\u00e1vu.<br \/>D\u016fle\u017eit\u00fdm prvkem ochrany \u00fadaj\u016f je pravideln\u00e1 aktualizace ve\u0161ker\u00e9ho softwaru pou\u017e\u00edvan\u00e9ho provozovatelem ke zpracov\u00e1n\u00ed osobn\u00edch \u00fadaj\u016f, co\u017e znamen\u00e1 zejm\u00e9na pravideln\u00e9 aktualizace softwarov\u00fdch komponent.<\/p>\n<h5>3. Hosting<\/h5>\n<p>Webov\u00e9 str\u00e1nky jsou hostov\u00e1ny (technicky udr\u017eov\u00e1ny) na serveru provozovatele: Dim-Comp Dariusz Bloma<\/p>\n<h5>4. va\u0161e pr\u00e1va a dal\u0161\u00ed informace o tom, jak.<\/h5>\n<ol>\n<li>V ur\u010dit\u00fdch situac\u00edch m\u00e1 spr\u00e1vce pr\u00e1vo p\u0159edat va\u0161e osobn\u00ed \u00fadaje dal\u0161\u00edm p\u0159\u00edjemc\u016fm, pokud je to nezbytn\u00e9 pro pln\u011bn\u00ed smlouvy uzav\u0159en\u00e9 s v\u00e1mi nebo pro pln\u011bn\u00ed povinnost\u00ed spr\u00e1vce. To se t\u00fdk\u00e1 t\u011bchto skupin p\u0159\u00edjemc\u016f:\n<ul>\n<li>n\u00e1mi pov\u011b\u0159en\u00e9 osoby, zam\u011bstnanci a spolupracovn\u00edci, kte\u0159\u00ed pot\u0159ebuj\u00ed m\u00edt p\u0159\u00edstup k osobn\u00edm \u00fadaj\u016fm za \u00fa\u010delem pln\u011bn\u00ed sv\u00fdch povinnost\u00ed,<\/li>\n<li>hostingov\u00e1 spole\u010dnost,<\/li>\n<li>spole\u010dnost, kter\u00e1 rozes\u00edl\u00e1 z\u00e1silky,<\/li>\n<li>spole\u010dnosti, kter\u00e9 zpracov\u00e1vaj\u00ed zpr\u00e1vy SMS,<\/li>\n<li>spole\u010dnosti, se kter\u00fdmi spr\u00e1vce spolupracuje na sv\u00e9m vlastn\u00edm marketingu,<\/li>\n<li>kur\u00fd\u0159i,<\/li>\n<li>pojistitel\u00e9,<\/li>\n<li>pr\u00e1vnick\u00e9 firmy a exekuto\u0159i,<\/li>\n<li>banky,<\/li>\n<li>provozovatel\u00e9 platebn\u00edch slu\u017eeb,<\/li>\n<li>org\u00e1ny ve\u0159ejn\u00e9 spr\u00e1vy.<\/li>\n<\/ul>\n<\/li>\n<li>Va\u0161e osobn\u00ed \u00fadaje zpracov\u00e1van\u00e9 Spr\u00e1vcem po dobu ne del\u0161\u00ed, ne\u017e je nezbytn\u00e9 pro v\u00fdkon souvisej\u00edc\u00edch \u010dinnost\u00ed stanoven\u00fdch zvl\u00e1\u0161tn\u00edmi p\u0159edpisy (nap\u0159. o \u00fa\u010detnictv\u00ed). Pokud jde o marketingov\u00e9 \u00fadaje, nebudou \u00fadaje zpracov\u00e1v\u00e1ny d\u00e9le ne\u017e 3 roky.<\/li>\n<li>M\u00e1te pr\u00e1vo po\u017e\u00e1dat spr\u00e1vce o:\n<ul>\n<li>p\u0159\u00edstup k osobn\u00edm \u00fadaj\u016fm, kter\u00e9 se v\u00e1s t\u00fdkaj\u00ed,<\/li>\n<li>jejich n\u00e1prava,<\/li>\n<li>v\u00fdmazy,<\/li>\n<li>omezen\u00ed zpracov\u00e1n\u00ed,<\/li>\n<li>a p\u0159enositelnost dat.<\/li>\n<\/ul>\n<\/li>\n<li>Proti zpracov\u00e1n\u00ed uveden\u00e9mu v bod\u011b 3.3 c) m\u00e1te pr\u00e1vo vzn\u00e9st n\u00e1mitku proti zpracov\u00e1n\u00ed osobn\u00edch \u00fadaj\u016f pro \u00fa\u010dely opr\u00e1vn\u011bn\u00fdch z\u00e1jm\u016f spr\u00e1vce, v\u010detn\u011b profilov\u00e1n\u00ed, p\u0159i\u010dem\u017e pr\u00e1vo vzn\u00e9st n\u00e1mitku nelze uplatnit, pokud existuj\u00ed platn\u00e9 opr\u00e1vn\u011bn\u00e9 d\u016fvody pro zpracov\u00e1n\u00ed, kter\u00e9 p\u0159eva\u017euj\u00ed nad va\u0161imi z\u00e1jmy, pr\u00e1vy a svobodami, zejm\u00e9na pro ur\u010den\u00ed, uplatn\u011bn\u00ed nebo obhajobu n\u00e1rok\u016f.<\/li>\n<li>Proti postupu spr\u00e1vce lze podat st\u00ed\u017enost p\u0159edsedovi \u00da\u0159adu pro ochranu osobn\u00edch \u00fadaj\u016f, ul. Stawki 2, 00-193 Var\u0161ava.<\/li>\n<li>Poskytnut\u00ed osobn\u00edch \u00fadaj\u016f je dobrovoln\u00e9, ale nezbytn\u00e9 pro provoz slu\u017eby.<\/li>\n<li>Automatizovan\u00e9 rozhodov\u00e1n\u00ed, v\u010detn\u011b profilov\u00e1n\u00ed, m\u016f\u017ee b\u00fdt ve vztahu k v\u00e1m prov\u00e1d\u011bno za \u00fa\u010delem poskytov\u00e1n\u00ed slu\u017eeb na z\u00e1klad\u011b uzav\u0159en\u00e9 smlouvy a za \u00fa\u010delem p\u0159\u00edm\u00e9ho marketingu ze strany Spr\u00e1vce.<\/li>\n<li>Osobn\u00ed \u00fadaje nejsou p\u0159ed\u00e1v\u00e1ny ze t\u0159et\u00edch zem\u00ed ve smyslu pr\u00e1vn\u00edch p\u0159edpis\u016f o ochran\u011b osobn\u00edch \u00fadaj\u016f. To znamen\u00e1, \u017ee je nepos\u00edl\u00e1me mimo Evropskou unii.<\/li>\n<\/ol>\n<h5>5. informace o formul\u00e1\u0159\u00edch<\/h5>\n<ol>\n<li>Webov\u00e9 str\u00e1nky shroma\u017e\u010fuj\u00ed informace dobrovoln\u011b poskytnut\u00e9 u\u017eivatelem, v\u010detn\u011b osobn\u00edch \u00fadaj\u016f, pokud byly poskytnuty.<\/li>\n<li>Slu\u017eba m\u016f\u017ee ukl\u00e1dat informace o parametrech p\u0159ipojen\u00ed (\u010dasov\u00e9 raz\u00edtko, IP adresa).<\/li>\n<li>Webov\u00e9 str\u00e1nky mohou v n\u011bkter\u00fdch p\u0159\u00edpadech ukl\u00e1dat informace, kter\u00e9 pom\u00e1haj\u00ed propojit \u00fadaje ve formul\u00e1\u0159i s e-mailovou adresou u\u017eivatele, kter\u00fd formul\u00e1\u0159 vypl\u0148uje. V takov\u00e9m p\u0159\u00edpad\u011b se e-mailov\u00e1 adresa u\u017eivatele zobraz\u00ed v url adrese str\u00e1nky obsahuj\u00edc\u00ed formul\u00e1\u0159.<\/li>\n<li>\u00dadaje uveden\u00e9 ve formul\u00e1\u0159i jsou zpracov\u00e1v\u00e1ny za \u00fa\u010delem vypl\u00fdvaj\u00edc\u00edm z funkce konkr\u00e9tn\u00edho formul\u00e1\u0159e, nap\u0159. za \u00fa\u010delem zpracov\u00e1n\u00ed \u017e\u00e1dosti o slu\u017ebu nebo prodejn\u00edho kontaktu, registrace slu\u017eeb atd. V ka\u017ed\u00e9m p\u0159\u00edpad\u011b je v kontextu a popisu formul\u00e1\u0159e jasn\u011b uvedeno, k \u010demu slou\u017e\u00ed.<\/li>\n<\/ol>\n<h5>6 Protokoly spr\u00e1vce<\/h5>\n<ol>\n<li>Informace o chov\u00e1n\u00ed u\u017eivatel\u016f na webov\u00fdch str\u00e1nk\u00e1ch mohou b\u00fdt p\u0159edm\u011btem z\u00e1znamu. Tyto \u00fadaje se pou\u017e\u00edvaj\u00ed pro spr\u00e1vu webov\u00fdch str\u00e1nek.<\/li>\n<\/ol>\n<h5>7 Relevantn\u00ed marketingov\u00e9 techniky<\/h5>\n<ol>\n<li>Provozovatel pou\u017e\u00edv\u00e1 statistickou anal\u00fdzu n\u00e1v\u0161t\u011bvnosti webov\u00fdch str\u00e1nek prost\u0159ednictv\u00edm slu\u017eby Google Analytics (Google Inc., se s\u00eddlem v USA). Provozovatel nep\u0159ed\u00e1v\u00e1 provozovateli t\u00e9to slu\u017eby osobn\u00ed \u00fadaje, pouze anonymizovan\u00e9 informace. Slu\u017eba je zalo\u017eena na pou\u017e\u00edv\u00e1n\u00ed soubor\u016f cookie v koncov\u00e9m za\u0159\u00edzen\u00ed u\u017eivatele. Pokud jde o informace o u\u017eivatelsk\u00fdch preferenc\u00edch shrom\u00e1\u017ed\u011bn\u00e9 reklamn\u00ed s\u00edt\u00ed Google, u\u017eivatel m\u016f\u017ee informace vypl\u00fdvaj\u00edc\u00ed ze soubor\u016f cookie zobrazit a upravit pomoc\u00ed n\u00e1sleduj\u00edc\u00edho n\u00e1stroje: https:\/\/www.google.com\/ads\/preferences\/.<\/li>\n<\/ol>\n<h5>8 Informace o souborech cookie<\/h5>\n<ol>\n<li>Webov\u00e9 str\u00e1nky pou\u017e\u00edvaj\u00ed soubory cookie.<\/li>\n<li>Soubory cookie (tzv. \"cookies\") jsou data IT, zejm\u00e9na textov\u00e9 soubory, kter\u00e9 jsou ulo\u017eeny v koncov\u00e9m za\u0159\u00edzen\u00ed u\u017eivatele slu\u017eby a jsou ur\u010deny k pou\u017eit\u00ed na webov\u00fdch str\u00e1nk\u00e1ch. Soubory cookie obvykle obsahuj\u00ed n\u00e1zev webov\u00e9 str\u00e1nky, ze kter\u00e9 poch\u00e1zej\u00ed, dobu, po kterou jsou ulo\u017eeny v koncov\u00e9m za\u0159\u00edzen\u00ed, a jedine\u010dn\u00e9 \u010d\u00edslo.<\/li>\n<li>Subjektem, kter\u00fd umis\u0165uje soubory cookie do koncov\u00e9ho za\u0159\u00edzen\u00ed u\u017eivatele slu\u017eby a p\u0159istupuje k nim, je provozovatel slu\u017eby.<\/li>\n<li>Soubory cookie se pou\u017e\u00edvaj\u00ed k n\u00e1sleduj\u00edc\u00edm \u00fa\u010del\u016fm:\n<ol>\n<li>udr\u017eov\u00e1n\u00ed relace u\u017eivatele webov\u00fdch str\u00e1nek (po p\u0159ihl\u00e1\u0161en\u00ed), d\u00edky \u010demu\u017e nemus\u00ed u\u017eivatel na ka\u017ed\u00e9 podstr\u00e1nce webov\u00fdch str\u00e1nek znovu zad\u00e1vat sv\u00e9 p\u0159ihla\u0161ovac\u00ed jm\u00e9no a heslo;<\/li>\n<li>k dosa\u017een\u00ed c\u00edl\u016f uveden\u00fdch v\u00fd\u0161e v \u010d\u00e1sti \"Z\u00e1kladn\u00ed marketingov\u00e9 techniky\";<\/li>\n<\/ol>\n<\/li>\n<li>Webov\u00e9 str\u00e1nky pou\u017e\u00edvaj\u00ed dva hlavn\u00ed typy soubor\u016f cookie: \"rela\u010dn\u00ed\" (session cookies) a \"trval\u00e9\" (persistent cookies). \"Rela\u010dn\u00ed\" soubory cookie jsou do\u010dasn\u00e9 soubory, kter\u00e9 se ukl\u00e1daj\u00ed v koncov\u00e9m za\u0159\u00edzen\u00ed u\u017eivatele, dokud se neodhl\u00e1s\u00ed, neopust\u00ed webov\u00e9 str\u00e1nky nebo nevypne software (webov\u00fd prohl\u00ed\u017ee\u010d). \"Trval\u00e9\" soubory cookie jsou ulo\u017eeny v koncov\u00e9m za\u0159\u00edzen\u00ed U\u017eivatele po dobu uvedenou v parametrech soubor\u016f cookie nebo dokud je U\u017eivatel nesma\u017ee.<\/li>\n<li>Software pro prohl\u00ed\u017een\u00ed webov\u00fdch str\u00e1nek (webov\u00fd prohl\u00ed\u017ee\u010d) obvykle standardn\u011b umo\u017e\u0148uje ukl\u00e1d\u00e1n\u00ed soubor\u016f cookie do koncov\u00e9ho za\u0159\u00edzen\u00ed u\u017eivatele. U\u017eivatel\u00e9 webov\u00fdch str\u00e1nek mohou v tomto ohledu zm\u011bnit sv\u00e9 nastaven\u00ed. Internetov\u00fd prohl\u00ed\u017ee\u010d umo\u017e\u0148uje soubory cookie vymazat. Je tak\u00e9 mo\u017en\u00e9 soubory cookie automaticky blokovat Podrobnosti naleznete v n\u00e1pov\u011bd\u011b nebo dokumentaci internetov\u00e9ho prohl\u00ed\u017ee\u010de.<\/li>\n<li>Omezen\u00ed pou\u017e\u00edv\u00e1n\u00ed soubor\u016f cookie m\u016f\u017ee ovlivnit n\u011bkter\u00e9 funkce dostupn\u00e9 na webov\u00fdch str\u00e1nk\u00e1ch.<\/li>\n<li>Soubory cookie um\u00edst\u011bn\u00e9 v koncov\u00e9m za\u0159\u00edzen\u00ed u\u017eivatele slu\u017eby mohou pou\u017e\u00edvat tak\u00e9 subjekty spolupracuj\u00edc\u00ed s provozovatelem slu\u017eby, zejm\u00e9na spole\u010dnosti: Google (Google Inc. se s\u00eddlem v USA), Facebook (Facebook Inc. se s\u00eddlem v USA), Twitter (Twitter Inc. se s\u00eddlem v USA).<\/li>\n<\/ol>\n<h5>9. spr\u00e1va soubor\u016f cookie - jak ud\u011blit a odvolat souhlas v praxi<\/h5>\n<ol>\n<li>Pokud si nep\u0159ejete p\u0159ij\u00edmat soubory cookie, m\u016f\u017eete zm\u011bnit nastaven\u00ed prohl\u00ed\u017ee\u010de. P\u0159edes\u00edl\u00e1me, \u017ee vypnut\u00ed soubor\u016f cookie, kter\u00e9 jsou nezbytn\u00e9 pro procesy ov\u011b\u0159ov\u00e1n\u00ed, zabezpe\u010den\u00ed a udr\u017eov\u00e1n\u00ed u\u017eivatelsk\u00fdch preferenc\u00ed, m\u016f\u017ee zt\u00ed\u017eit a v krajn\u00edm p\u0159\u00edpad\u011b znemo\u017enit pou\u017e\u00edv\u00e1n\u00ed webov\u00fdch str\u00e1nek.<\/li>\n<li>Chcete-li spravovat nastaven\u00ed soubor\u016f cookie, vyberte z n\u00ed\u017ee uveden\u00e9ho seznamu webov\u00fd prohl\u00ed\u017ee\u010d, kter\u00fd pou\u017e\u00edv\u00e1te, a postupujte podle pokyn\u016f:\n<ul>\n<li><a href=\"https:\/\/support.microsoft.com\/pl-pl\/help\/10607\/microsoft-edge-view-delete-browser-history\" target=\"_blank\" rel=\"noopener\">Hrana<\/a><\/li>\n<li><a href=\"https:\/\/support.microsoft.com\/pl-pl\/help\/278835\/how-to-delete-cookie-files-in-internet-explorer\" target=\"_blank\" rel=\"noopener\">Internet Explorer<\/a><\/li>\n<li><a href=\"http:\/\/support.google.com\/chrome\/bin\/answer.py?hl=pl&amp;answer=95647\" target=\"_blank\" rel=\"noopener\">Chrome<\/a><\/li>\n<li><a href=\"http:\/\/support.apple.com\/kb\/PH5042\" target=\"_blank\" rel=\"noopener\">Safari<\/a><\/li>\n<li><a href=\"http:\/\/support.mozilla.org\/pl\/kb\/W%C5%82%C4%85czanie%20i%20wy%C5%82%C4%85czanie%20obs%C5%82ugi%20ciasteczek\" target=\"_blank\" rel=\"noopener\">Firefox<\/a><\/li>\n<li><a href=\"http:\/\/help.opera.com\/Windows\/12.10\/pl\/cookies.html\" target=\"_blank\" rel=\"noopener\">Opera<\/a><\/li>\n<\/ul>\n<\/li>\n<li>Mobiln\u00ed za\u0159\u00edzen\u00ed:\n<ul>\n<li><a href=\"http:\/\/support.google.com\/chrome\/bin\/answer.py?hl=pl&amp;answer=95647\" target=\"_blank\" rel=\"noopener\">Android<\/a><\/li>\n<li><a href=\"http:\/\/support.apple.com\/kb\/HT1677?viewlocale=pl_PL\" target=\"_blank\" rel=\"noopener\">Safari (iOS)<\/a><\/li>\n<li><a href=\"http:\/\/www.windowsphone.com\/pl-pl\/how-to\/wp7\/web\/changing-privacy-and-other-browser-settings\" target=\"_blank\" rel=\"noopener\">Windows Phone<\/a><\/li>\n<\/ul>\n<\/li>\n<\/ol>\t\t\t\t\t\t\t\t<\/div>\n\t\t\t\t<\/div>\n\t\t\t\t\t<\/div>\n\t\t\t\t<\/div>\n\t\t\t\t<\/div>","protected":false},"excerpt":{"rendered":"<p>Polityka prywatno\u015bci 1. Informacje og\u00f3lne Niniejsza polityka dotyczy Serwisu www, funkcjonuj\u0105cego pod adresem url: www.wyspa.fun Operatorem serwisu oraz Administratorem danych osobowych jest: TEI sp. Z o.o.NIP: 6112812479, Pi\u0142sudskiego 34, 58-500 Jelenia G\u00f3ra Adres kontaktowy poczty elektronicznej operatora:\u00a0wyspakowary@gmail.com Operator jest Administratorem Twoich danych osobowych w odniesieniu do danych podanych dobrowolnie w Serwisie. Serwis wykorzystuje dane osobowe [&hellip;]<\/p>","protected":false},"author":1,"featured_media":0,"parent":0,"menu_order":0,"comment_status":"closed","ping_status":"open","template":"","meta":{"footnotes":""},"class_list":["post-3","page","type-page","status-publish","hentry"],"_links":{"self":[{"href":"https:\/\/wyspa.fun\/cs\/wp-json\/wp\/v2\/pages\/3","targetHints":{"allow":["GET"]}}],"collection":[{"href":"https:\/\/wyspa.fun\/cs\/wp-json\/wp\/v2\/pages"}],"about":[{"href":"https:\/\/wyspa.fun\/cs\/wp-json\/wp\/v2\/types\/page"}],"author":[{"embeddable":true,"href":"https:\/\/wyspa.fun\/cs\/wp-json\/wp\/v2\/users\/1"}],"replies":[{"embeddable":true,"href":"https:\/\/wyspa.fun\/cs\/wp-json\/wp\/v2\/comments?post=3"}],"version-history":[{"count":6,"href":"https:\/\/wyspa.fun\/cs\/wp-json\/wp\/v2\/pages\/3\/revisions"}],"predecessor-version":[{"id":401,"href":"https:\/\/wyspa.fun\/cs\/wp-json\/wp\/v2\/pages\/3\/revisions\/401"}],"wp:attachment":[{"href":"https:\/\/wyspa.fun\/cs\/wp-json\/wp\/v2\/media?parent=3"}],"curies":[{"name":"wp","href":"https:\/\/api.w.org\/{rel}","templated":true}]}}